{"id":855,"date":"2019-03-19T12:08:55","date_gmt":"2019-03-19T12:08:55","guid":{"rendered":"https:\/\/limutaxisl.com\/politica-de-privacidad\/"},"modified":"2024-11-14T12:59:25","modified_gmt":"2024-11-14T12:59:25","slug":"politica-de-privacidad","status":"publish","type":"page","link":"https:\/\/limutaxisl.com\/fr\/politica-de-privacidad\/","title":{"rendered":"Politique de confidentialit\u00e9"},"content":{"rendered":"\t\t<div data-elementor-type=\"wp-post\" data-elementor-id=\"855\" class=\"elementor elementor-855 elementor-603\" data-elementor-post-type=\"page\">\n\t\t\t\t\t\t<section class=\"elementor-section elementor-top-section elementor-element elementor-element-cd5dfe4 elementor-section-height-min-height elementor-section-boxed elementor-section-height-default elementor-section-items-middle\" data-id=\"cd5dfe4\" data-element_type=\"section\" data-settings=\"{&quot;background_background&quot;:&quot;classic&quot;}\">\n\t\t\t\t\t\t<div class=\"elementor-container elementor-column-gap-default\">\n\t\t\t\t\t<div class=\"elementor-column elementor-col-100 elementor-top-column elementor-element elementor-element-238ec40\" data-id=\"238ec40\" data-element_type=\"column\" data-settings=\"{&quot;background_background&quot;:&quot;classic&quot;}\">\n\t\t\t<div class=\"elementor-widget-wrap elementor-element-populated\">\n\t\t\t\t\t\t<section class=\"elementor-section elementor-inner-section elementor-element elementor-element-332f0fb elementor-section-content-top elementor-section-boxed elementor-section-height-default elementor-section-height-default\" data-id=\"332f0fb\" data-element_type=\"section\">\n\t\t\t\t\t\t<div class=\"elementor-container elementor-column-gap-default\">\n\t\t\t\t\t<div class=\"elementor-column elementor-col-50 elementor-inner-column elementor-element elementor-element-ee7f8cc\" data-id=\"ee7f8cc\" data-element_type=\"column\" data-settings=\"{&quot;background_background&quot;:&quot;classic&quot;}\">\n\t\t\t<div class=\"elementor-widget-wrap elementor-element-populated\">\n\t\t\t\t\t\t<div class=\"elementor-element elementor-element-3a7519fb elementor-widget elementor-widget-text-editor\" data-id=\"3a7519fb\" data-element_type=\"widget\" data-widget_type=\"text-editor.default\">\n\t\t\t\t<div class=\"elementor-widget-container\">\n\t\t\t\t\t\t\t\t\t<h3>POLITIQUE DE CONFIDENTIALIT\u00c9<\/h3>\n<h3><\/h3>\n<h3>Informations de base sur la protection des donn\u00e9es<\/h3>\n<ul>\n \t<li><strong>Responsable<\/strong> : LIMUTAXI S.L.<\/li>\n \t<li><strong>Finalit\u00e9<\/strong> : Prestation de services de location de v\u00e9hicules avec chauffeur, gestion fiscale, comptable, administrative et commerciale, ainsi que l&rsquo;envoi de communications directement li\u00e9es \u00e0 la prestation de nos services.<\/li>\n \t<li><strong>L\u00e9gitimation<\/strong> : Ex\u00e9cution d&rsquo;un contrat, consentement de l&rsquo;int\u00e9ress\u00e9, respect des obligations l\u00e9gales et int\u00e9r\u00eat l\u00e9gitime.<\/li>\n \t<li><strong>Destinataires<\/strong> : Administration publique, organisations et entreprises li\u00e9es, entit\u00e9s bancaires et financi\u00e8res, et entreprises de communication.<\/li>\n \t<li><strong>Droits<\/strong> : Acc\u00e9der, rectifier et supprimer les donn\u00e9es, ainsi que d&rsquo;autres droits indiqu\u00e9s dans les informations compl\u00e9mentaires.<\/li>\n \t<li><strong>Source<\/strong> : Les donn\u00e9es proviennent de l&rsquo;int\u00e9ress\u00e9 ou du site web de LIMUTAXI S.L. (<a href=\"https:\/\/www.limutaxisl.com\" target=\"_new\" rel=\"noopener\">https:\/\/www.limutaxisl.com<\/a>).<\/li>\n<\/ul>\n\n<hr \/>\n\n<h3>Qui est responsable du traitement de vos donn\u00e9es ?<\/h3>\n<ul>\n \t<li><strong>Identit\u00e9<\/strong> : LIMUTAXI S.L.<\/li>\n \t<li><strong>CIF<\/strong> : B31584493<\/li>\n \t<li><strong>Adresse postale<\/strong> : Pol. Ind. Ampliaci\u00f3n Morea Sur, rue C, unit\u00e9 1-3, 31191 Beriain (Navarre, Espagne)<\/li>\n \t<li><strong>T\u00e9l\u00e9phone<\/strong> : 948310808<\/li>\n \t<li><strong>Email<\/strong> : <a rel=\"noopener\">limutaxi@limutaxisl.com<\/a><\/li>\n<\/ul>\n\n<hr \/>\n\n<h3>\u00c0 quelle fin traitons-nous vos donn\u00e9es personnelles ?<\/h3>\nChez <strong>LIMUTAXI S.L.<\/strong>, nous traitons les informations fournies par les personnes int\u00e9ress\u00e9es afin de remplir des objectifs directement li\u00e9s \u00e0 l&rsquo;ex\u00e9cution d&rsquo;un contrat et \u00e0 nos fonctions l\u00e9gitimes. Selon votre relation avec nous, nous traitons les donn\u00e9es pour les finalit\u00e9s suivantes :\n<ul>\n \t<li>Gestion des donn\u00e9es personnelles des clients et des clients potentiels.<\/li>\n \t<li>Gestion fiscale, comptable, administrative et commerciale, y compris la facturation et les encaissements.<\/li>\n \t<li>Prestation de services de location de v\u00e9hicules avec chauffeur.<\/li>\n \t<li>\u00c9laboration de devis commerciaux, contrats et autres communications directement li\u00e9es \u00e0 nos services.<\/li>\n \t<li>Envoi de communications commerciales concernant nos produits et\/ou services.<\/li>\n \t<li>R\u00e9ponse aux demandes d&rsquo;informations ou de contact re\u00e7ues via notre site web.<\/li>\n<\/ul>\nLe traitement de vos donn\u00e9es est n\u00e9cessaire pour g\u00e9rer la relation commerciale avec nos clients, ainsi que pour r\u00e9pondre aux demandes d&rsquo;information ou de contact que nous recevons.\n\n<hr \/>\n\n<h3>Combien de temps conserverons-nous vos donn\u00e9es ?<\/h3>\nLes donn\u00e9es personnelles fournies seront conserv\u00e9es tant que la relation contractuelle est maintenue ou pendant les ann\u00e9es n\u00e9cessaires pour respecter les obligations l\u00e9gales. De plus, pour les finalit\u00e9s n\u00e9cessitant votre consentement explicite, les donn\u00e9es seront conserv\u00e9es tant que vous ne demandez pas leur suppression.\n\nEn particulier, les donn\u00e9es seront conserv\u00e9es tant qu&rsquo;une responsabilit\u00e9 d\u00e9coulant de la relation, d&rsquo;une obligation juridique ou de l&rsquo;ex\u00e9cution d&rsquo;un contrat pourrait \u00eatre exig\u00e9e. Seules les donn\u00e9es strictement n\u00e9cessaires pour respecter les r\u00e9glementations fiscales, comptables et l\u00e9gales applicables seront conserv\u00e9es.\n\n<hr \/>\n\n<h3>Quelle est la l\u00e9gitimit\u00e9 du traitement de vos donn\u00e9es ?<\/h3>\nLa base l\u00e9gale pour le traitement de vos donn\u00e9es est :\n<ul>\n \t<li><strong>Ex\u00e9cution d&rsquo;un contrat<\/strong> : Le traitement est n\u00e9cessaire \u00e0 l&rsquo;ex\u00e9cution d&rsquo;un contrat auquel l&rsquo;int\u00e9ress\u00e9 est partie ou pour l&rsquo;application de mesures pr\u00e9contractuelles \u00e0 la demande de celui-ci.<\/li>\n \t<li><strong>Consentement de l&rsquo;int\u00e9ress\u00e9<\/strong\n<\/li> : Pour les finalit\u00e9s pour lesquelles vous nous avez donn\u00e9 votre consentement explicite, comme l&rsquo;envoi de promotions commerciales.<\/li> <li><strong>Int\u00e9r\u00eat l\u00e9gitime du responsable<\/strong> : Pour les fins li\u00e9es \u00e0 la prestation, l&rsquo;assistance et la communication concernant les services contract\u00e9s.<\/li> <li><strong>Respect des obligations l\u00e9gales<\/strong> : Le traitement est n\u00e9cessaire pour respecter les obligations l\u00e9gales qui s&rsquo;appliquent \u00e0 <strong>LIMUTAXI S.L.<\/strong>.<\/li> <\/ul> <hr \/> <h3>\u00c0 quels destinataires vos donn\u00e9es seront-elles communiqu\u00e9es ?<\/h3> Les donn\u00e9es seront communiqu\u00e9es aux destinataires suivants : <ul> <li><strong>Administration publique<\/strong> comp\u00e9tente dans le domaine correspondant, pour respecter les obligations l\u00e9gales.<\/li> <li><strong>Organisations et entreprises li\u00e9es \u00e0 LIMUTAXI S.L.<\/strong> pour la prestation du service demand\u00e9.<\/li> <li><strong>Entit\u00e9s bancaires et financi\u00e8res<\/strong> pour la gestion des encaissements et paiements, l&rsquo;envoi de re\u00e7us et les transferts.<\/li> <li><strong>Entreprises de communication<\/strong> pour l&rsquo;envoi de communications commerciales sur nos produits ou services.<\/li> <li><strong>Sous-traitants tiers<\/strong> qui fournissent des services \u00e0 <strong>LIMUTAXI S.L.<\/strong>, garantissant la conformit\u00e9 au RGPD et des mesures de s\u00e9curit\u00e9 appropri\u00e9es.<\/li> <\/ul> <hr \/> <h3>Les donn\u00e9es seront-elles transf\u00e9r\u00e9es vers des pays tiers ?<\/h3> Aucun transfert de donn\u00e9es vers des pays tiers n&rsquo;est pr\u00e9vu. <hr \/> <h3>Quels sont vos droits lorsque vous nous fournissez vos donn\u00e9es ?<\/h3> Toute personne a le droit d&rsquo;obtenir la confirmation que <strong>LIMUTAXI S.L.<\/strong> traite ou non des donn\u00e9es personnelles la concernant.\nLes personnes int\u00e9ress\u00e9es ont le droit de :\n\n<ul> <li><strong>Acc\u00e9der<\/strong> \u00e0 leurs donn\u00e9es personnelles.<\/li> <li><strong>Demander la rectification<\/strong> des donn\u00e9es inexactes.<\/li> <li><strong>Demander la suppression<\/strong> de leurs donn\u00e9es lorsque, entre autres motifs, elles ne sont plus n\u00e9cessaires aux finalit\u00e9s pour lesquelles elles ont \u00e9t\u00e9 collect\u00e9es ou que vous avez retir\u00e9 votre consentement.<\/li> <li><strong>Demander la limitation<\/strong> du traitement de leurs donn\u00e9es dans certaines circonstances.<\/li> <li><strong>S&rsquo;opposer<\/strong> au traitement de leurs donn\u00e9es dans certaines circonstances et pour des raisons li\u00e9es \u00e0 leur situation particuli\u00e8re.<\/li> <li><strong>Porter leurs donn\u00e9es<\/strong>, qui seront fournies dans un format structur\u00e9, couramment utilis\u00e9 et lisible par machine. Si vous le souhaitez, nous pouvons les envoyer au nouveau responsable que vous d\u00e9signez.<\/li> <\/ul> Vous pouvez exercer ces droits en vous adressant \u00e0 <strong>LIMUTAXI S.L.<\/strong> \u00e0 l&rsquo;adresse \u00e9lectronique <a rel=\"noopener\">limutaxi@limutaxisl.com<\/a> ou directement \u00e0 notre adresse : Pol. Ind. Ampliaci\u00f3n Morea Sur, rue C, unit\u00e9 1-3, 31191 Beriain (Navarre, Espagne). <hr \/> <h3>Combien de temps faut-il pour r\u00e9pondre \u00e0 l&rsquo;exercice de vos droits ?<\/h3> Selon le droit demand\u00e9, le d\u00e9lai de r\u00e9ponse maximal est d&rsquo;un mois \u00e0 compter de la r\u00e9ception de la demande. En cas de demande complexe, ce d\u00e9lai peut \u00eatre prolong\u00e9 jusqu&rsquo;\u00e0 deux mois, auquel cas nous vous informerons du motif du retard. <hr \/> <h3>Comment avons-nous obtenu vos donn\u00e9es ?<\/h3> Les donn\u00e9es personnelles que nous traitons chez <strong>LIMUTAXI S.L.<\/strong> proviennent de l&rsquo;int\u00e9ress\u00e9 et sont collect\u00e9es via nos communications commerciales, contrats, devis ou via le site web <a href=\"https:\/\/www.limutaxisl.com\" target=\"_new\" rel=\"noopener\">https:\/\/www.limutaxisl.com<\/a>.\nNous traitons des donn\u00e9es d&rsquo;identification, telles que noms, pr\u00e9noms, num\u00e9ros de t\u00e9l\u00e9phone, adresses postales et \u00e9lectroniques, et donn\u00e9es bancaires lorsque cela est n\u00e9cessaire pour la gestion de nos services.\n\nNous ne traitons pas de cat\u00e9gories sp\u00e9ciales de donn\u00e9es personnelles.\n\n<hr \/> <h3>Quels autres droits avez-vous ?<\/h3> En plus des droits susmentionn\u00e9s, vous avez le droit de d\u00e9poser une r\u00e9clamation aupr\u00e8s de l&rsquo;<strong>Agence Espagnole de Protection des Donn\u00e9es (AEPD)<\/strong> si vous estimez que vos droits n&rsquo;ont pas \u00e9t\u00e9 correctement respect\u00e9s. Vous pouvez contacter l&rsquo;AEPD via son site web : <a href=\"https:\/\/www.agpd.es\" target=\"_new\" rel=\"noopener\">www.agpd.es<\/a>. <hr \/>\nSi vous avez besoin de plus d&rsquo;informations ou souhaitez exercer l&rsquo;un de vos droits, n&rsquo;h\u00e9sitez pas \u00e0 nous contacter. Merci de faire confiance \u00e0 <strong>LIMUTAXI S.L.<\/strong>!\t\t\t\t\t\t\t\t<\/div>\n\t\t\t\t<\/div>\n\t\t\t\t\t<\/div>\n\t\t<\/div>\n\t\t\t\t<div class=\"elementor-column elementor-col-50 elementor-inner-column elementor-element elementor-element-5b4ba90\" data-id=\"5b4ba90\" data-element_type=\"column\" data-settings=\"{&quot;background_background&quot;:&quot;classic&quot;}\">\n\t\t\t<div class=\"elementor-widget-wrap elementor-element-populated\">\n\t\t\t\t\t\t<div class=\"elementor-element elementor-element-4e795b6 elementor-widget elementor-widget-sidebar\" data-id=\"4e795b6\" data-element_type=\"widget\" data-widget_type=\"sidebar.default\">\n\t\t\t\t<div class=\"elementor-widget-container\">\n\t\t\t\t\t<aside id=\"icl_lang_sel_widget-2\" class=\"widget widget_icl_lang_sel_widget\">\n<div class=\"wpml-ls-sidebars-sidebar-1 wpml-ls wpml-ls-legacy-list-vertical\">\n\t<ul role=\"menu\">\n\n\t\t\t\t\t<li class=\"wpml-ls-slot-sidebar-1 wpml-ls-item wpml-ls-item-es wpml-ls-first-item wpml-ls-item-legacy-list-vertical\" role=\"none\">\n\t\t\t\t<a href=\"https:\/\/limutaxisl.com\/es\/\" class=\"wpml-ls-link\" role=\"menuitem\" aria-label=\"Passer \u00e0 Espa\u00f1ol\" title=\"Passer \u00e0 Espa\u00f1ol\">\n\t\t\t\t\t            <img decoding=\"async\"\n            class=\"wpml-ls-flag\"\n            src=\"https:\/\/limutaxisl.com\/wp-content\/plugins\/sitepress-multilingual-cms\/res\/flags\/es.png\"\n            alt=\"\"\n            \n            \n    \/><span class=\"wpml-ls-native\" lang=\"es\">Espa\u00f1ol<\/span><\/a>\n\t\t\t<\/li>\n\t\t\t\t\t<li class=\"wpml-ls-slot-sidebar-1 wpml-ls-item wpml-ls-item-en wpml-ls-item-legacy-list-vertical\" role=\"none\">\n\t\t\t\t<a href=\"https:\/\/limutaxisl.com\/en\/\" class=\"wpml-ls-link\" role=\"menuitem\" aria-label=\"Passer \u00e0 English\" title=\"Passer \u00e0 English\">\n\t\t\t\t\t            <img decoding=\"async\"\n            class=\"wpml-ls-flag\"\n            src=\"https:\/\/limutaxisl.com\/wp-content\/plugins\/sitepress-multilingual-cms\/res\/flags\/en.png\"\n            alt=\"\"\n            \n            \n    \/><span class=\"wpml-ls-native\" lang=\"en\">English<\/span><\/a>\n\t\t\t<\/li>\n\t\t\t\t\t<li class=\"wpml-ls-slot-sidebar-1 wpml-ls-item wpml-ls-item-fr wpml-ls-current-language wpml-ls-item-legacy-list-vertical\" role=\"none\">\n\t\t\t\t<a href=\"https:\/\/limutaxisl.com\/fr\/\" class=\"wpml-ls-link\" role=\"menuitem\" >\n\t\t\t\t\t            <img decoding=\"async\"\n            class=\"wpml-ls-flag\"\n            src=\"https:\/\/limutaxisl.com\/wp-content\/plugins\/sitepress-multilingual-cms\/res\/flags\/fr.png\"\n            alt=\"\"\n            \n            \n    \/><span class=\"wpml-ls-native\" role=\"menuitem\">Fran\u00e7ais<\/span><\/a>\n\t\t\t<\/li>\n\t\t\t\t\t<li class=\"wpml-ls-slot-sidebar-1 wpml-ls-item wpml-ls-item-eu wpml-ls-last-item wpml-ls-item-legacy-list-vertical\" role=\"none\">\n\t\t\t\t<a href=\"https:\/\/limutaxisl.com\/eu\/\" class=\"wpml-ls-link\" role=\"menuitem\" aria-label=\"Passer \u00e0 Euskara\" title=\"Passer \u00e0 Euskara\">\n\t\t\t\t\t            <img decoding=\"async\"\n            class=\"wpml-ls-flag\"\n            src=\"https:\/\/limutaxisl.com\/wp-content\/plugins\/sitepress-multilingual-cms\/res\/flags\/eu.png\"\n            alt=\"\"\n            \n            \n    \/><span class=\"wpml-ls-native\" lang=\"eu\">Euskara<\/span><\/a>\n\t\t\t<\/li>\n\t\t\n\t<\/ul>\n<\/div>\n<\/aside><aside id=\"text-2\" class=\"widget widget_text\">\t\t\t<div class=\"textwidget\"><center>Pol. Ind. Morea Sur Ampliaci\u00f3n Calle C, 1<center>\r\n<center>CP 31191 Beriain <center>\r\n<center>Navarra (Espa\u00f1a)<center>\r\n<br\/>\r\n<center>Tlfno \/ Phone number: <a href=\"tel:+34948310808\">(+34) 948 31 08 08<\/a><\/center>\r\n<center>Fax: (+34) 948 31 07 63<\/center>\r\n<center><a href=\"mailto:limutaxi@limutaxisl.com\">limutaxi@limutaxisl.com<\/a><\/center>\r\n<\/div>\n\t\t<\/aside>\t\t\t\t<\/div>\n\t\t\t\t<\/div>\n\t\t\t\t\t<\/div>\n\t\t<\/div>\n\t\t\t\t\t<\/div>\n\t\t<\/section>\n\t\t\t\t\t<\/div>\n\t\t<\/div>\n\t\t\t\t\t<\/div>\n\t\t<\/section>\n\t\t\t\t<\/div>\n\t\t","protected":false},"excerpt":{"rendered":"<p>POLITIQUE DE CONFIDENTIALIT\u00c9 Informations de base sur la protection des donn\u00e9es Responsable : LIMUTAXI S.L. Finalit\u00e9 : Prestation de services de location de v\u00e9hicules avec chauffeur, gestion fiscale, comptable, administrative et commerciale, ainsi que l&rsquo;envoi de communications directement li\u00e9es \u00e0 la prestation de nos services. L\u00e9gitimation : Ex\u00e9cution d&rsquo;un contrat, consentement de l&rsquo;int\u00e9ress\u00e9, respect des [&hellip;]<\/p>\n","protected":false},"author":3,"featured_media":0,"parent":0,"menu_order":0,"comment_status":"closed","ping_status":"closed","template":"elementor_header_footer","meta":{"site-sidebar-layout":"right-sidebar","site-content-layout":"page-builder","ast-site-content-layout":"full-width-container","site-content-style":"default","site-sidebar-style":"default","ast-global-header-display":"","ast-banner-title-visibility":"","ast-main-header-display":"","ast-hfb-above-header-display":"","ast-hfb-below-header-display":"","ast-hfb-mobile-header-display":"","site-post-title":"","ast-breadcrumbs-content":"","ast-featured-img":"","footer-sml-layout":"","theme-transparent-header-meta":"default","adv-header-id-meta":"","stick-header-meta":"","header-above-stick-meta":"","header-main-stick-meta":"","header-below-stick-meta":"","astra-migrate-meta-layouts":"set","ast-page-background-enabled":"default","ast-page-background-meta":{"desktop":{"background-color":"var(--ast-global-color-4)","background-image":"","background-repeat":"repeat","background-position":"center center","background-size":"auto","background-attachment":"scroll","background-type":"","background-media":"","overlay-type":"","overlay-color":"","overlay-opacity":"","overlay-gradient":""},"tablet":{"background-color":"","background-image":"","background-repeat":"repeat","background-position":"center center","background-size":"auto","background-attachment":"scroll","background-type":"","background-media":"","overlay-type":"","overlay-color":"","overlay-opacity":"","overlay-gradient":""},"mobile":{"background-color":"","background-image":"","background-repeat":"repeat","background-position":"center center","background-size":"auto","background-attachment":"scroll","background-type":"","background-media":"","overlay-type":"","overlay-color":"","overlay-opacity":"","overlay-gradient":""}},"ast-content-background-meta":{"desktop":{"background-color":"var(--ast-global-color-5)","background-image":"","background-repeat":"repeat","background-position":"center center","background-size":"auto","background-attachment":"scroll","background-type":"","background-media":"","overlay-type":"","overlay-color":"","overlay-opacity":"","overlay-gradient":""},"tablet":{"background-color":"var(--ast-global-color-5)","background-image":"","background-repeat":"repeat","background-position":"center center","background-size":"auto","background-attachment":"scroll","background-type":"","background-media":"","overlay-type":"","overlay-color":"","overlay-opacity":"","overlay-gradient":""},"mobile":{"background-color":"var(--ast-global-color-5)","background-image":"","background-repeat":"repeat","background-position":"center center","background-size":"auto","background-attachment":"scroll","background-type":"","background-media":"","overlay-type":"","overlay-color":"","overlay-opacity":"","overlay-gradient":""}},"footnotes":""},"class_list":["post-855","page","type-page","status-publish","hentry"],"yoast_head":"<!-- This site is optimized with the Yoast SEO plugin v26.4 - https:\/\/yoast.com\/wordpress\/plugins\/seo\/ -->\n<title>Politique de confidentialit\u00e9 - Limutaxi<\/title>\n<meta name=\"robots\" content=\"index, follow, max-snippet:-1, max-image-preview:large, max-video-preview:-1\" \/>\n<link rel=\"canonical\" href=\"https:\/\/limutaxisl.com\/fr\/politica-de-privacidad\/\" \/>\n<meta property=\"og:locale\" content=\"fr_FR\" \/>\n<meta property=\"og:type\" content=\"article\" \/>\n<meta property=\"og:title\" content=\"Politique de confidentialit\u00e9 - Limutaxi\" \/>\n<meta property=\"og:description\" content=\"POLITIQUE DE CONFIDENTIALIT\u00c9 Informations de base sur la protection des donn\u00e9es Responsable : LIMUTAXI S.L. Finalit\u00e9 : Prestation de services de location de v\u00e9hicules avec chauffeur, gestion fiscale, comptable, administrative et commerciale, ainsi que l&rsquo;envoi de communications directement li\u00e9es \u00e0 la prestation de nos services. L\u00e9gitimation : Ex\u00e9cution d&rsquo;un contrat, consentement de l&rsquo;int\u00e9ress\u00e9, respect des [&hellip;]\" \/>\n<meta property=\"og:url\" content=\"https:\/\/limutaxisl.com\/fr\/politica-de-privacidad\/\" \/>\n<meta property=\"og:site_name\" content=\"Limutaxi\" \/>\n<meta property=\"article:modified_time\" content=\"2024-11-14T12:59:25+00:00\" \/>\n<meta name=\"twitter:card\" content=\"summary_large_image\" \/>\n<meta name=\"twitter:label1\" content=\"Dur\u00e9e de lecture estim\u00e9e\" \/>\n\t<meta name=\"twitter:data1\" content=\"6 minutes\" \/>\n<script type=\"application\/ld+json\" class=\"yoast-schema-graph\">{\"@context\":\"https:\/\/schema.org\",\"@graph\":[{\"@type\":\"WebPage\",\"@id\":\"https:\/\/limutaxisl.com\/fr\/politica-de-privacidad\/\",\"url\":\"https:\/\/limutaxisl.com\/fr\/politica-de-privacidad\/\",\"name\":\"Politique de confidentialit\u00e9 - Limutaxi\",\"isPartOf\":{\"@id\":\"https:\/\/limutaxisl.com\/es\/#website\"},\"datePublished\":\"2019-03-19T12:08:55+00:00\",\"dateModified\":\"2024-11-14T12:59:25+00:00\",\"breadcrumb\":{\"@id\":\"https:\/\/limutaxisl.com\/fr\/politica-de-privacidad\/#breadcrumb\"},\"inLanguage\":\"fr-FR\",\"potentialAction\":[{\"@type\":\"ReadAction\",\"target\":[\"https:\/\/limutaxisl.com\/fr\/politica-de-privacidad\/\"]}]},{\"@type\":\"BreadcrumbList\",\"@id\":\"https:\/\/limutaxisl.com\/fr\/politica-de-privacidad\/#breadcrumb\",\"itemListElement\":[{\"@type\":\"ListItem\",\"position\":1,\"name\":\"Portada\",\"item\":\"https:\/\/limutaxisl.com\/es\/\"},{\"@type\":\"ListItem\",\"position\":2,\"name\":\"Politique de confidentialit\u00e9\"}]},{\"@type\":\"WebSite\",\"@id\":\"https:\/\/limutaxisl.com\/es\/#website\",\"url\":\"https:\/\/limutaxisl.com\/es\/\",\"name\":\"Alquiler de autobuses y microbuses Pamplona y Navarra - Limutaxi\",\"description\":\"Ofrecemos alquiler de autobuses, microbuses y turismos con conductor, alcanzando todas sus necesidades de transporte\",\"potentialAction\":[{\"@type\":\"SearchAction\",\"target\":{\"@type\":\"EntryPoint\",\"urlTemplate\":\"https:\/\/limutaxisl.com\/es\/?s={search_term_string}\"},\"query-input\":{\"@type\":\"PropertyValueSpecification\",\"valueRequired\":true,\"valueName\":\"search_term_string\"}}],\"inLanguage\":\"fr-FR\"}]}<\/script>\n<!-- \/ Yoast SEO plugin. -->","yoast_head_json":{"title":"Politique de confidentialit\u00e9 - Limutaxi","robots":{"index":"index","follow":"follow","max-snippet":"max-snippet:-1","max-image-preview":"max-image-preview:large","max-video-preview":"max-video-preview:-1"},"canonical":"https:\/\/limutaxisl.com\/fr\/politica-de-privacidad\/","og_locale":"fr_FR","og_type":"article","og_title":"Politique de confidentialit\u00e9 - Limutaxi","og_description":"POLITIQUE DE CONFIDENTIALIT\u00c9 Informations de base sur la protection des donn\u00e9es Responsable : LIMUTAXI S.L. Finalit\u00e9 : Prestation de services de location de v\u00e9hicules avec chauffeur, gestion fiscale, comptable, administrative et commerciale, ainsi que l&rsquo;envoi de communications directement li\u00e9es \u00e0 la prestation de nos services. L\u00e9gitimation : Ex\u00e9cution d&rsquo;un contrat, consentement de l&rsquo;int\u00e9ress\u00e9, respect des [&hellip;]","og_url":"https:\/\/limutaxisl.com\/fr\/politica-de-privacidad\/","og_site_name":"Limutaxi","article_modified_time":"2024-11-14T12:59:25+00:00","twitter_card":"summary_large_image","twitter_misc":{"Dur\u00e9e de lecture estim\u00e9e":"6 minutes"},"schema":{"@context":"https:\/\/schema.org","@graph":[{"@type":"WebPage","@id":"https:\/\/limutaxisl.com\/fr\/politica-de-privacidad\/","url":"https:\/\/limutaxisl.com\/fr\/politica-de-privacidad\/","name":"Politique de confidentialit\u00e9 - Limutaxi","isPartOf":{"@id":"https:\/\/limutaxisl.com\/es\/#website"},"datePublished":"2019-03-19T12:08:55+00:00","dateModified":"2024-11-14T12:59:25+00:00","breadcrumb":{"@id":"https:\/\/limutaxisl.com\/fr\/politica-de-privacidad\/#breadcrumb"},"inLanguage":"fr-FR","potentialAction":[{"@type":"ReadAction","target":["https:\/\/limutaxisl.com\/fr\/politica-de-privacidad\/"]}]},{"@type":"BreadcrumbList","@id":"https:\/\/limutaxisl.com\/fr\/politica-de-privacidad\/#breadcrumb","itemListElement":[{"@type":"ListItem","position":1,"name":"Portada","item":"https:\/\/limutaxisl.com\/es\/"},{"@type":"ListItem","position":2,"name":"Politique de confidentialit\u00e9"}]},{"@type":"WebSite","@id":"https:\/\/limutaxisl.com\/es\/#website","url":"https:\/\/limutaxisl.com\/es\/","name":"Alquiler de autobuses y microbuses Pamplona y Navarra - Limutaxi","description":"Ofrecemos alquiler de autobuses, microbuses y turismos con conductor, alcanzando todas sus necesidades de transporte","potentialAction":[{"@type":"SearchAction","target":{"@type":"EntryPoint","urlTemplate":"https:\/\/limutaxisl.com\/es\/?s={search_term_string}"},"query-input":{"@type":"PropertyValueSpecification","valueRequired":true,"valueName":"search_term_string"}}],"inLanguage":"fr-FR"}]}},"_links":{"self":[{"href":"https:\/\/limutaxisl.com\/fr\/wp-json\/wp\/v2\/pages\/855","targetHints":{"allow":["GET"]}}],"collection":[{"href":"https:\/\/limutaxisl.com\/fr\/wp-json\/wp\/v2\/pages"}],"about":[{"href":"https:\/\/limutaxisl.com\/fr\/wp-json\/wp\/v2\/types\/page"}],"author":[{"embeddable":true,"href":"https:\/\/limutaxisl.com\/fr\/wp-json\/wp\/v2\/users\/3"}],"replies":[{"embeddable":true,"href":"https:\/\/limutaxisl.com\/fr\/wp-json\/wp\/v2\/comments?post=855"}],"version-history":[{"count":4,"href":"https:\/\/limutaxisl.com\/fr\/wp-json\/wp\/v2\/pages\/855\/revisions"}],"predecessor-version":[{"id":860,"href":"https:\/\/limutaxisl.com\/fr\/wp-json\/wp\/v2\/pages\/855\/revisions\/860"}],"wp:attachment":[{"href":"https:\/\/limutaxisl.com\/fr\/wp-json\/wp\/v2\/media?parent=855"}],"curies":[{"name":"wp","href":"https:\/\/api.w.org\/{rel}","templated":true}]}}