{"id":593,"date":"2019-03-27T10:26:46","date_gmt":"2019-03-27T10:26:46","guid":{"rendered":"https:\/\/limutaxisl.com\/?page_id=593"},"modified":"2025-04-07T09:09:07","modified_gmt":"2025-04-07T09:09:07","slug":"contact","status":"publish","type":"page","link":"https:\/\/limutaxisl.com\/fr\/contact\/","title":{"rendered":"Contact"},"content":{"rendered":"\t\t<div data-elementor-type=\"wp-post\" data-elementor-id=\"593\" class=\"elementor elementor-593 elementor-590\" data-elementor-post-type=\"page\">\n\t\t\t\t\t\t<section class=\"elementor-section elementor-top-section elementor-element elementor-element-cd5dfe4 elementor-section-height-min-height elementor-section-boxed elementor-section-height-default elementor-section-items-middle\" data-id=\"cd5dfe4\" data-element_type=\"section\" data-settings=\"{&quot;background_background&quot;:&quot;classic&quot;}\">\n\t\t\t\t\t\t<div class=\"elementor-container elementor-column-gap-default\">\n\t\t\t\t\t<div class=\"elementor-column elementor-col-100 elementor-top-column elementor-element elementor-element-238ec40\" data-id=\"238ec40\" data-element_type=\"column\" data-settings=\"{&quot;background_background&quot;:&quot;classic&quot;}\">\n\t\t\t<div class=\"elementor-widget-wrap elementor-element-populated\">\n\t\t\t\t\t\t<section class=\"elementor-section elementor-inner-section elementor-element elementor-element-332f0fb elementor-section-content-top elementor-section-boxed elementor-section-height-default elementor-section-height-default\" data-id=\"332f0fb\" data-element_type=\"section\">\n\t\t\t\t\t\t<div class=\"elementor-container elementor-column-gap-default\">\n\t\t\t\t\t<div class=\"elementor-column elementor-col-50 elementor-inner-column elementor-element elementor-element-ee7f8cc\" data-id=\"ee7f8cc\" data-element_type=\"column\" data-settings=\"{&quot;background_background&quot;:&quot;classic&quot;}\">\n\t\t\t<div class=\"elementor-widget-wrap elementor-element-populated\">\n\t\t\t\t\t\t<div class=\"elementor-element elementor-element-3a7519fb elementor-widget elementor-widget-text-editor\" data-id=\"3a7519fb\" data-element_type=\"widget\" data-widget_type=\"text-editor.default\">\n\t\t\t\t<div class=\"elementor-widget-container\">\n\t\t\t\t\t\t\t\t\t<h3>Contact<\/h3><p>Si vous souhaitez obtenir plus d&rsquo;informations sur nos services, nos prix et nos devis, n&rsquo;h\u00e9sitez pas \u00e0 nous contacter par t\u00e9l\u00e9phone, par e-mail ou via le formulaire ci-dessous. Nous vous r\u00e9pondrons dans les plus brefs d\u00e9lais.<\/p><p>Service 24 heures<\/p><p>Tel.\u00a0<a href=\"tel:+34948310808\">(+34) 948 31 08 08<\/a><\/p><p>E-mail:\u00a0<a href=\"mailto:limutaxi@limutaxisl.com\">limutaxi@limutaxisl.com<\/a><\/p>\t\t\t\t\t\t\t\t<\/div>\n\t\t\t\t<\/div>\n\t\t\t\t<div class=\"elementor-element elementor-element-26d0682 elementor-widget elementor-widget-text-editor\" data-id=\"26d0682\" data-element_type=\"widget\" data-widget_type=\"text-editor.default\">\n\t\t\t\t<div class=\"elementor-widget-container\">\n\t\t\t\t\t\t\t\t\t<form id=\"forminator-module-772\" class=\"forminator-custom-form forminator-custom-form-772\" method=\"post\" data-forminator-render=\"0\" data-uid=\"69dfe5d27aad7\"><div role=\"alert\" aria-live=\"polite\" class=\"forminator-response-message forminator-error\" aria-hidden=\"true\"><\/div><\/form>\t\t\t\t\t\t\t\t<\/div>\n\t\t\t\t<\/div>\n\t\t\t\t\t<\/div>\n\t\t<\/div>\n\t\t\t\t<div class=\"elementor-column elementor-col-50 elementor-inner-column elementor-element elementor-element-5b4ba90\" data-id=\"5b4ba90\" data-element_type=\"column\" data-settings=\"{&quot;background_background&quot;:&quot;classic&quot;}\">\n\t\t\t<div class=\"elementor-widget-wrap elementor-element-populated\">\n\t\t\t\t\t\t<div class=\"elementor-element elementor-element-4e795b6 elementor-widget elementor-widget-sidebar\" data-id=\"4e795b6\" data-element_type=\"widget\" data-widget_type=\"sidebar.default\">\n\t\t\t\t<div class=\"elementor-widget-container\">\n\t\t\t\t\t<aside id=\"icl_lang_sel_widget-2\" class=\"widget widget_icl_lang_sel_widget\">\n<div class=\"wpml-ls-sidebars-sidebar-1 wpml-ls wpml-ls-legacy-list-vertical\">\n\t<ul role=\"menu\">\n\n\t\t\t\t\t<li class=\"wpml-ls-slot-sidebar-1 wpml-ls-item wpml-ls-item-es wpml-ls-first-item wpml-ls-item-legacy-list-vertical\" role=\"none\">\n\t\t\t\t<a href=\"https:\/\/limutaxisl.com\/es\/\" class=\"wpml-ls-link\" role=\"menuitem\" aria-label=\"Passer \u00e0 Espa\u00f1ol\" title=\"Passer \u00e0 Espa\u00f1ol\">\n\t\t\t\t\t            <img decoding=\"async\"\n            class=\"wpml-ls-flag\"\n            src=\"https:\/\/limutaxisl.com\/wp-content\/plugins\/sitepress-multilingual-cms\/res\/flags\/es.png\"\n            alt=\"\"\n            \n            \n    \/><span class=\"wpml-ls-native\" lang=\"es\">Espa\u00f1ol<\/span><\/a>\n\t\t\t<\/li>\n\t\t\t\t\t<li class=\"wpml-ls-slot-sidebar-1 wpml-ls-item wpml-ls-item-en wpml-ls-item-legacy-list-vertical\" role=\"none\">\n\t\t\t\t<a href=\"https:\/\/limutaxisl.com\/en\/\" class=\"wpml-ls-link\" role=\"menuitem\" aria-label=\"Passer \u00e0 English\" title=\"Passer \u00e0 English\">\n\t\t\t\t\t            <img decoding=\"async\"\n            class=\"wpml-ls-flag\"\n            src=\"https:\/\/limutaxisl.com\/wp-content\/plugins\/sitepress-multilingual-cms\/res\/flags\/en.png\"\n            alt=\"\"\n            \n            \n    \/><span class=\"wpml-ls-native\" lang=\"en\">English<\/span><\/a>\n\t\t\t<\/li>\n\t\t\t\t\t<li class=\"wpml-ls-slot-sidebar-1 wpml-ls-item wpml-ls-item-fr wpml-ls-current-language wpml-ls-item-legacy-list-vertical\" role=\"none\">\n\t\t\t\t<a href=\"https:\/\/limutaxisl.com\/fr\/\" class=\"wpml-ls-link\" role=\"menuitem\" >\n\t\t\t\t\t            <img decoding=\"async\"\n            class=\"wpml-ls-flag\"\n            src=\"https:\/\/limutaxisl.com\/wp-content\/plugins\/sitepress-multilingual-cms\/res\/flags\/fr.png\"\n            alt=\"\"\n            \n            \n    \/><span class=\"wpml-ls-native\" role=\"menuitem\">Fran\u00e7ais<\/span><\/a>\n\t\t\t<\/li>\n\t\t\t\t\t<li class=\"wpml-ls-slot-sidebar-1 wpml-ls-item wpml-ls-item-eu wpml-ls-last-item wpml-ls-item-legacy-list-vertical\" role=\"none\">\n\t\t\t\t<a href=\"https:\/\/limutaxisl.com\/eu\/\" class=\"wpml-ls-link\" role=\"menuitem\" aria-label=\"Passer \u00e0 Euskara\" title=\"Passer \u00e0 Euskara\">\n\t\t\t\t\t            <img decoding=\"async\"\n            class=\"wpml-ls-flag\"\n            src=\"https:\/\/limutaxisl.com\/wp-content\/plugins\/sitepress-multilingual-cms\/res\/flags\/eu.png\"\n            alt=\"\"\n            \n            \n    \/><span class=\"wpml-ls-native\" lang=\"eu\">Euskara<\/span><\/a>\n\t\t\t<\/li>\n\t\t\n\t<\/ul>\n<\/div>\n<\/aside><aside id=\"text-2\" class=\"widget widget_text\">\t\t\t<div class=\"textwidget\"><center>Pol. Ind. Morea Sur Ampliaci\u00f3n Calle C, 1<center>\r\n<center>CP 31191 Beriain <center>\r\n<center>Navarra (Espa\u00f1a)<center>\r\n<br\/>\r\n<center>Tlfno \/ Phone number: <a href=\"tel:+34948310808\">(+34) 948 31 08 08<\/a><\/center>\r\n<center>Fax: (+34) 948 31 07 63<\/center>\r\n<center><a href=\"mailto:limutaxi@limutaxisl.com\">limutaxi@limutaxisl.com<\/a><\/center>\r\n<\/div>\n\t\t<\/aside>\t\t\t\t<\/div>\n\t\t\t\t<\/div>\n\t\t\t\t\t<\/div>\n\t\t<\/div>\n\t\t\t\t\t<\/div>\n\t\t<\/section>\n\t\t\t\t\t<\/div>\n\t\t<\/div>\n\t\t\t\t\t<\/div>\n\t\t<\/section>\n\t\t\t\t<\/div>\n\t\t","protected":false},"excerpt":{"rendered":"<p>Contact Si vous souhaitez obtenir plus d&rsquo;informations sur nos services, nos prix et nos devis, n&rsquo;h\u00e9sitez pas \u00e0 nous contacter par t\u00e9l\u00e9phone, par e-mail ou via le formulaire ci-dessous. Nous vous r\u00e9pondrons dans les plus brefs d\u00e9lais. Service 24 heures Tel.\u00a0(+34) 948 31 08 08 E-mail:\u00a0limutaxi@limutaxisl.com<\/p>\n","protected":false},"author":3,"featured_media":0,"parent":0,"menu_order":0,"comment_status":"closed","ping_status":"closed","template":"elementor_header_footer","meta":{"site-sidebar-layout":"right-sidebar","site-content-layout":"page-builder","ast-site-content-layout":"default","site-content-style":"default","site-sidebar-style":"default","ast-global-header-display":"","ast-banner-title-visibility":"","ast-main-header-display":"","ast-hfb-above-header-display":"","ast-hfb-below-header-display":"","ast-hfb-mobile-header-display":"","site-post-title":"","ast-breadcrumbs-content":"","ast-featured-img":"","footer-sml-layout":"","theme-transparent-header-meta":"default","adv-header-id-meta":"","stick-header-meta":"","header-above-stick-meta":"","header-main-stick-meta":"","header-below-stick-meta":"","astra-migrate-meta-layouts":"default","ast-page-background-enabled":"default","ast-page-background-meta":{"desktop":{"background-color":"var(--ast-global-color-4)","background-image":"","background-repeat":"repeat","background-position":"center center","background-size":"auto","background-attachment":"scroll","background-type":"","background-media":"","overlay-type":"","overlay-color":"","overlay-opacity":"","overlay-gradient":""},"tablet":{"background-color":"","background-image":"","background-repeat":"repeat","background-position":"center center","background-size":"auto","background-attachment":"scroll","background-type":"","background-media":"","overlay-type":"","overlay-color":"","overlay-opacity":"","overlay-gradient":""},"mobile":{"background-color":"","background-image":"","background-repeat":"repeat","background-position":"center center","background-size":"auto","background-attachment":"scroll","background-type":"","background-media":"","overlay-type":"","overlay-color":"","overlay-opacity":"","overlay-gradient":""}},"ast-content-background-meta":{"desktop":{"background-color":"var(--ast-global-color-5)","background-image":"","background-repeat":"repeat","background-position":"center center","background-size":"auto","background-attachment":"scroll","background-type":"","background-media":"","overlay-type":"","overlay-color":"","overlay-opacity":"","overlay-gradient":""},"tablet":{"background-color":"var(--ast-global-color-5)","background-image":"","background-repeat":"repeat","background-position":"center center","background-size":"auto","background-attachment":"scroll","background-type":"","background-media":"","overlay-type":"","overlay-color":"","overlay-opacity":"","overlay-gradient":""},"mobile":{"background-color":"var(--ast-global-color-5)","background-image":"","background-repeat":"repeat","background-position":"center center","background-size":"auto","background-attachment":"scroll","background-type":"","background-media":"","overlay-type":"","overlay-color":"","overlay-opacity":"","overlay-gradient":""}},"footnotes":""},"class_list":["post-593","page","type-page","status-publish","hentry"],"yoast_head":"<!-- This site is optimized with the Yoast SEO plugin v26.4 - https:\/\/yoast.com\/wordpress\/plugins\/seo\/ -->\n<title>Contact - Limutaxi<\/title>\n<meta name=\"robots\" content=\"index, follow, max-snippet:-1, max-image-preview:large, max-video-preview:-1\" \/>\n<link rel=\"canonical\" href=\"https:\/\/limutaxisl.com\/eu\/kontaktua\/\" \/>\n<meta property=\"og:locale\" content=\"fr_FR\" \/>\n<meta property=\"og:type\" content=\"article\" \/>\n<meta property=\"og:title\" content=\"Contact - Limutaxi\" \/>\n<meta property=\"og:description\" content=\"Contact Si vous souhaitez obtenir plus d&rsquo;informations sur nos services, nos prix et nos devis, n&rsquo;h\u00e9sitez pas \u00e0 nous contacter par t\u00e9l\u00e9phone, par e-mail ou via le formulaire ci-dessous. Nous vous r\u00e9pondrons dans les plus brefs d\u00e9lais. Service 24 heures Tel.\u00a0(+34) 948 31 08 08 E-mail:\u00a0limutaxi@limutaxisl.com\" \/>\n<meta property=\"og:url\" content=\"https:\/\/limutaxisl.com\/eu\/kontaktua\/\" \/>\n<meta property=\"og:site_name\" content=\"Limutaxi\" \/>\n<meta property=\"article:modified_time\" content=\"2025-04-07T09:09:07+00:00\" \/>\n<meta name=\"twitter:card\" content=\"summary_large_image\" \/>\n<meta name=\"twitter:label1\" content=\"Dur\u00e9e de lecture estim\u00e9e\" \/>\n\t<meta name=\"twitter:data1\" content=\"2 minutes\" \/>\n<script type=\"application\/ld+json\" class=\"yoast-schema-graph\">{\"@context\":\"https:\/\/schema.org\",\"@graph\":[{\"@type\":\"WebPage\",\"@id\":\"https:\/\/limutaxisl.com\/eu\/kontaktua\/\",\"url\":\"https:\/\/limutaxisl.com\/eu\/kontaktua\/\",\"name\":\"Contact - Limutaxi\",\"isPartOf\":{\"@id\":\"https:\/\/limutaxisl.com\/es\/#website\"},\"datePublished\":\"2019-03-27T10:26:46+00:00\",\"dateModified\":\"2025-04-07T09:09:07+00:00\",\"breadcrumb\":{\"@id\":\"https:\/\/limutaxisl.com\/eu\/kontaktua\/#breadcrumb\"},\"inLanguage\":\"fr-FR\",\"potentialAction\":[{\"@type\":\"ReadAction\",\"target\":[\"https:\/\/limutaxisl.com\/eu\/kontaktua\/\"]}]},{\"@type\":\"BreadcrumbList\",\"@id\":\"https:\/\/limutaxisl.com\/eu\/kontaktua\/#breadcrumb\",\"itemListElement\":[{\"@type\":\"ListItem\",\"position\":1,\"name\":\"Portada\",\"item\":\"https:\/\/limutaxisl.com\/es\/\"},{\"@type\":\"ListItem\",\"position\":2,\"name\":\"Contact\"}]},{\"@type\":\"WebSite\",\"@id\":\"https:\/\/limutaxisl.com\/es\/#website\",\"url\":\"https:\/\/limutaxisl.com\/es\/\",\"name\":\"Alquiler de autobuses y microbuses Pamplona y Navarra - Limutaxi\",\"description\":\"Ofrecemos alquiler de autobuses, microbuses y turismos con conductor, alcanzando todas sus necesidades de transporte\",\"potentialAction\":[{\"@type\":\"SearchAction\",\"target\":{\"@type\":\"EntryPoint\",\"urlTemplate\":\"https:\/\/limutaxisl.com\/es\/?s={search_term_string}\"},\"query-input\":{\"@type\":\"PropertyValueSpecification\",\"valueRequired\":true,\"valueName\":\"search_term_string\"}}],\"inLanguage\":\"fr-FR\"}]}<\/script>\n<!-- \/ Yoast SEO plugin. -->","yoast_head_json":{"title":"Contact - Limutaxi","robots":{"index":"index","follow":"follow","max-snippet":"max-snippet:-1","max-image-preview":"max-image-preview:large","max-video-preview":"max-video-preview:-1"},"canonical":"https:\/\/limutaxisl.com\/eu\/kontaktua\/","og_locale":"fr_FR","og_type":"article","og_title":"Contact - Limutaxi","og_description":"Contact Si vous souhaitez obtenir plus d&rsquo;informations sur nos services, nos prix et nos devis, n&rsquo;h\u00e9sitez pas \u00e0 nous contacter par t\u00e9l\u00e9phone, par e-mail ou via le formulaire ci-dessous. Nous vous r\u00e9pondrons dans les plus brefs d\u00e9lais. Service 24 heures Tel.\u00a0(+34) 948 31 08 08 E-mail:\u00a0limutaxi@limutaxisl.com","og_url":"https:\/\/limutaxisl.com\/eu\/kontaktua\/","og_site_name":"Limutaxi","article_modified_time":"2025-04-07T09:09:07+00:00","twitter_card":"summary_large_image","twitter_misc":{"Dur\u00e9e de lecture estim\u00e9e":"2 minutes"},"schema":{"@context":"https:\/\/schema.org","@graph":[{"@type":"WebPage","@id":"https:\/\/limutaxisl.com\/eu\/kontaktua\/","url":"https:\/\/limutaxisl.com\/eu\/kontaktua\/","name":"Contact - Limutaxi","isPartOf":{"@id":"https:\/\/limutaxisl.com\/es\/#website"},"datePublished":"2019-03-27T10:26:46+00:00","dateModified":"2025-04-07T09:09:07+00:00","breadcrumb":{"@id":"https:\/\/limutaxisl.com\/eu\/kontaktua\/#breadcrumb"},"inLanguage":"fr-FR","potentialAction":[{"@type":"ReadAction","target":["https:\/\/limutaxisl.com\/eu\/kontaktua\/"]}]},{"@type":"BreadcrumbList","@id":"https:\/\/limutaxisl.com\/eu\/kontaktua\/#breadcrumb","itemListElement":[{"@type":"ListItem","position":1,"name":"Portada","item":"https:\/\/limutaxisl.com\/es\/"},{"@type":"ListItem","position":2,"name":"Contact"}]},{"@type":"WebSite","@id":"https:\/\/limutaxisl.com\/es\/#website","url":"https:\/\/limutaxisl.com\/es\/","name":"Alquiler de autobuses y microbuses Pamplona y Navarra - Limutaxi","description":"Ofrecemos alquiler de autobuses, microbuses y turismos con conductor, alcanzando todas sus necesidades de transporte","potentialAction":[{"@type":"SearchAction","target":{"@type":"EntryPoint","urlTemplate":"https:\/\/limutaxisl.com\/es\/?s={search_term_string}"},"query-input":{"@type":"PropertyValueSpecification","valueRequired":true,"valueName":"search_term_string"}}],"inLanguage":"fr-FR"}]}},"_links":{"self":[{"href":"https:\/\/limutaxisl.com\/fr\/wp-json\/wp\/v2\/pages\/593","targetHints":{"allow":["GET"]}}],"collection":[{"href":"https:\/\/limutaxisl.com\/fr\/wp-json\/wp\/v2\/pages"}],"about":[{"href":"https:\/\/limutaxisl.com\/fr\/wp-json\/wp\/v2\/types\/page"}],"author":[{"embeddable":true,"href":"https:\/\/limutaxisl.com\/fr\/wp-json\/wp\/v2\/users\/3"}],"replies":[{"embeddable":true,"href":"https:\/\/limutaxisl.com\/fr\/wp-json\/wp\/v2\/comments?post=593"}],"version-history":[{"count":18,"href":"https:\/\/limutaxisl.com\/fr\/wp-json\/wp\/v2\/pages\/593\/revisions"}],"predecessor-version":[{"id":1000,"href":"https:\/\/limutaxisl.com\/fr\/wp-json\/wp\/v2\/pages\/593\/revisions\/1000"}],"wp:attachment":[{"href":"https:\/\/limutaxisl.com\/fr\/wp-json\/wp\/v2\/media?parent=593"}],"curies":[{"name":"wp","href":"https:\/\/api.w.org\/{rel}","templated":true}]}}