{"id":371,"date":"2019-03-13T20:37:54","date_gmt":"2019-03-13T20:37:54","guid":{"rendered":"https:\/\/limutaxisl.com\/limutaxi\/"},"modified":"2019-03-13T20:41:36","modified_gmt":"2019-03-13T20:41:36","slug":"limutaxi","status":"publish","type":"page","link":"https:\/\/limutaxisl.com\/fr\/","title":{"rendered":"Limutaxi"},"content":{"rendered":"\t\t<div data-elementor-type=\"wp-post\" data-elementor-id=\"371\" class=\"elementor elementor-371 elementor-13 elementor-bc-flex-widget\" data-elementor-post-type=\"page\">\n\t\t\t\t\t\t<section class=\"elementor-section elementor-top-section elementor-element elementor-element-cd5dfe4 elementor-section-height-min-height elementor-section-boxed elementor-section-height-default elementor-section-items-middle\" data-id=\"cd5dfe4\" data-element_type=\"section\" data-settings=\"{&quot;background_background&quot;:&quot;classic&quot;}\">\n\t\t\t\t\t\t<div class=\"elementor-container elementor-column-gap-default\">\n\t\t\t\t\t<div class=\"elementor-column elementor-col-100 elementor-top-column elementor-element elementor-element-238ec40\" data-id=\"238ec40\" data-element_type=\"column\" data-settings=\"{&quot;background_background&quot;:&quot;classic&quot;}\">\n\t\t\t<div class=\"elementor-widget-wrap elementor-element-populated\">\n\t\t\t\t\t\t<div class=\"elementor-element elementor-element-61a7db6 elementor--h-position-center elementor--v-position-middle elementor-arrows-position-inside elementor-pagination-position-inside elementor-widget elementor-widget-slides\" data-id=\"61a7db6\" data-element_type=\"widget\" data-settings=\"{&quot;navigation&quot;:&quot;both&quot;,&quot;autoplay&quot;:&quot;yes&quot;,&quot;pause_on_hover&quot;:&quot;yes&quot;,&quot;pause_on_interaction&quot;:&quot;yes&quot;,&quot;autoplay_speed&quot;:5000,&quot;infinite&quot;:&quot;yes&quot;,&quot;transition&quot;:&quot;slide&quot;,&quot;transition_speed&quot;:500}\" data-widget_type=\"slides.default\">\n\t\t\t\t<div class=\"elementor-widget-container\">\n\t\t\t\t\t\t\t\t\t<div class=\"elementor-swiper\">\n\t\t\t\t\t<div class=\"elementor-slides-wrapper elementor-main-swiper swiper\" role=\"region\" aria-roledescription=\"carousel\" aria-label=\"Diapositives\" dir=\"ltr\" data-animation=\"fadeInDown\">\n\t\t\t\t<div class=\"swiper-wrapper elementor-slides\">\n\t\t\t\t\t\t\t\t\t\t<div class=\"elementor-repeater-item-d07923d swiper-slide\" role=\"group\" aria-roledescription=\"slide\"><div class=\"swiper-slide-bg\" role=\"img\" aria-label=\"limutaxi-flota-\"><\/div><div class=\"swiper-slide-inner\" ><div class=\"swiper-slide-contents\"><\/div><\/div><\/div><div class=\"elementor-repeater-item-30f40fa swiper-slide\" role=\"group\" aria-roledescription=\"slide\"><div class=\"swiper-slide-bg\" role=\"img\" aria-label=\"limutaxi-flota2\"><\/div><div class=\"swiper-slide-inner\" ><div class=\"swiper-slide-contents\"><\/div><\/div><\/div><div class=\"elementor-repeater-item-d2f3041 swiper-slide\" role=\"group\" aria-roledescription=\"slide\"><div class=\"swiper-slide-bg\" role=\"img\" aria-label=\"OLYMPUS DIGITAL CAMER\"><\/div><div class=\"swiper-slide-inner\" ><div class=\"swiper-slide-contents\"><\/div><\/div><\/div><div class=\"elementor-repeater-item-264320c swiper-slide\" role=\"group\" aria-roledescription=\"slide\"><div class=\"swiper-slide-bg\" role=\"img\" aria-label=\"limutaxi-asientos-trasero\"><\/div><div class=\"swiper-slide-inner\" ><div class=\"swiper-slide-contents\"><\/div><\/div><\/div><div class=\"elementor-repeater-item-19ad889 swiper-slide\" role=\"group\" aria-roledescription=\"slide\"><div class=\"swiper-slide-bg\" role=\"img\" aria-label=\"limutaxi-traser\"><\/div><div class=\"swiper-slide-inner\" ><div class=\"swiper-slide-contents\"><\/div><\/div><\/div><div class=\"elementor-repeater-item-88ce359 swiper-slide\" role=\"group\" aria-roledescription=\"slide\"><div class=\"swiper-slide-bg\" role=\"img\" aria-label=\"limutaxi-asiento\"><\/div><div class=\"swiper-slide-inner\" ><div class=\"swiper-slide-contents\"><\/div><\/div><\/div><div class=\"elementor-repeater-item-b865ff2 swiper-slide\" role=\"group\" aria-roledescription=\"slide\"><div class=\"swiper-slide-bg\" role=\"img\" aria-label=\"limutaxi-asientos-minubu\"><\/div><div class=\"swiper-slide-inner\" ><div class=\"swiper-slide-contents\"><\/div><\/div><\/div>\t\t\t\t<\/div>\n\t\t\t\t\t\t\t\t\t\t\t\t\t\t\t<div class=\"elementor-swiper-button elementor-swiper-button-prev\" role=\"button\" tabindex=\"0\" aria-label=\"Diapositive pr\u00e9c\u00e9dente\">\n\t\t\t\t\t\t\t<i aria-hidden=\"true\" class=\"eicon-chevron-left\"><\/i>\t\t\t\t\t\t<\/div>\n\t\t\t\t\t\t<div class=\"elementor-swiper-button elementor-swiper-button-next\" role=\"button\" tabindex=\"0\" aria-label=\"Diapositive suivante\">\n\t\t\t\t\t\t\t<i aria-hidden=\"true\" class=\"eicon-chevron-right\"><\/i>\t\t\t\t\t\t<\/div>\n\t\t\t\t\t\t\t\t\t\t\t\t\t\t\t\t<div class=\"swiper-pagination\"><\/div>\n\t\t\t\t\t\t\t\t\t\t\t\t<\/div>\n\t\t\t\t<\/div>\n\t\t\t\t\t\t\t\t<\/div>\n\t\t\t\t<\/div>\n\t\t\t\t<section class=\"elementor-section elementor-inner-section elementor-element elementor-element-332f0fb elementor-section-boxed elementor-section-height-default elementor-section-height-default\" data-id=\"332f0fb\" data-element_type=\"section\">\n\t\t\t\t\t\t<div class=\"elementor-container elementor-column-gap-default\">\n\t\t\t\t\t<div class=\"elementor-column elementor-col-50 elementor-inner-column elementor-element elementor-element-ee7f8cc\" data-id=\"ee7f8cc\" data-element_type=\"column\" data-settings=\"{&quot;background_background&quot;:&quot;classic&quot;}\">\n\t\t\t<div class=\"elementor-widget-wrap elementor-element-populated\">\n\t\t\t\t\t\t<div class=\"elementor-element elementor-element-3a7519fb elementor-widget elementor-widget-text-editor\" data-id=\"3a7519fb\" data-element_type=\"widget\" data-widget_type=\"text-editor.default\">\n\t\t\t\t<div class=\"elementor-widget-container\">\n\t\t\t\t\t\t\t\t\t<h3>LOCATION DE VEHICULES AVEC CHAUFFEUR<\/h3>\n<p>Limutaxi S.L met tout en ouvre pour vous offrir le service de transport de personnes dont vous avez besoin (voitures, minibus et autocars ), avec toujours un service irr\u00e9prochable.<\/p>\n<p>On met \u00e0 votre disposition des v\u00e9hicules de grandes marques toutes options et au confort irr\u00e9prochable et des chauffeurs exp\u00e9riment\u00e9s, disponible, r\u00e9actifs et discrets, soucieux de son passager et de la qualit\u00e9 de service.<\/p>\n<p>Pol. Ind. Morea Sur Ampliaci\u00f3n Calle C, 1, 31191 Beriain . Navarra (Espagne)<\/p>\n<p><iframe style=\"border: 0;\" src=\"https:\/\/www.google.com\/maps\/embed?pb=!1m18!1m12!1m3!1d2930.8225242544054!2d-1.6348036000000226!3d42.728647!2m3!1f0!2f0!3f0!3m2!1i1024!2i768!4f13.1!3m3!1m2!1s0xd5090f8e201424b%3A0x4f3f8f57c4a144a6!2sPol%C3%ADgono+Industrial+Morea+Sur+Ampliaci%C3%B3n+Calle+C%2C+1!5e0!3m2!1ses!2ses!4v1404209384589\" width=\"400\" height=\"300\" frameborder=\"0\"><\/iframe><\/p>\n\t\t\t\t\t\t\t\t<\/div>\n\t\t\t\t<\/div>\n\t\t\t\t\t<\/div>\n\t\t<\/div>\n\t\t\t\t<div class=\"elementor-column elementor-col-50 elementor-inner-column elementor-element elementor-element-5b4ba90\" data-id=\"5b4ba90\" data-element_type=\"column\" data-settings=\"{&quot;background_background&quot;:&quot;classic&quot;}\">\n\t\t\t<div class=\"elementor-widget-wrap elementor-element-populated\">\n\t\t\t\t\t\t<div class=\"elementor-element elementor-element-4e795b6 elementor-widget elementor-widget-sidebar\" data-id=\"4e795b6\" data-element_type=\"widget\" data-widget_type=\"sidebar.default\">\n\t\t\t\t<div class=\"elementor-widget-container\">\n\t\t\t\t\t<aside id=\"icl_lang_sel_widget-2\" class=\"widget widget_icl_lang_sel_widget\">\n<div class=\"wpml-ls-sidebars-sidebar-1 wpml-ls wpml-ls-legacy-list-vertical\">\n\t<ul role=\"menu\">\n\n\t\t\t\t\t<li class=\"wpml-ls-slot-sidebar-1 wpml-ls-item wpml-ls-item-es wpml-ls-first-item wpml-ls-item-legacy-list-vertical\" role=\"none\">\n\t\t\t\t<a href=\"https:\/\/limutaxisl.com\/es\/\" class=\"wpml-ls-link\" role=\"menuitem\" aria-label=\"Passer \u00e0 Espa\u00f1ol\" title=\"Passer \u00e0 Espa\u00f1ol\">\n\t\t\t\t\t            <img decoding=\"async\"\n            class=\"wpml-ls-flag\"\n            src=\"https:\/\/limutaxisl.com\/wp-content\/plugins\/sitepress-multilingual-cms\/res\/flags\/es.png\"\n            alt=\"\"\n            \n            \n    \/><span class=\"wpml-ls-native\" lang=\"es\">Espa\u00f1ol<\/span><\/a>\n\t\t\t<\/li>\n\t\t\t\t\t<li class=\"wpml-ls-slot-sidebar-1 wpml-ls-item wpml-ls-item-en wpml-ls-item-legacy-list-vertical\" role=\"none\">\n\t\t\t\t<a href=\"https:\/\/limutaxisl.com\/en\/\" class=\"wpml-ls-link\" role=\"menuitem\" aria-label=\"Passer \u00e0 English\" title=\"Passer \u00e0 English\">\n\t\t\t\t\t            <img decoding=\"async\"\n            class=\"wpml-ls-flag\"\n            src=\"https:\/\/limutaxisl.com\/wp-content\/plugins\/sitepress-multilingual-cms\/res\/flags\/en.png\"\n            alt=\"\"\n            \n            \n    \/><span class=\"wpml-ls-native\" lang=\"en\">English<\/span><\/a>\n\t\t\t<\/li>\n\t\t\t\t\t<li class=\"wpml-ls-slot-sidebar-1 wpml-ls-item wpml-ls-item-fr wpml-ls-current-language wpml-ls-item-legacy-list-vertical\" role=\"none\">\n\t\t\t\t<a href=\"https:\/\/limutaxisl.com\/fr\/\" class=\"wpml-ls-link\" role=\"menuitem\" >\n\t\t\t\t\t            <img decoding=\"async\"\n            class=\"wpml-ls-flag\"\n            src=\"https:\/\/limutaxisl.com\/wp-content\/plugins\/sitepress-multilingual-cms\/res\/flags\/fr.png\"\n            alt=\"\"\n            \n            \n    \/><span class=\"wpml-ls-native\" role=\"menuitem\">Fran\u00e7ais<\/span><\/a>\n\t\t\t<\/li>\n\t\t\t\t\t<li class=\"wpml-ls-slot-sidebar-1 wpml-ls-item wpml-ls-item-eu wpml-ls-last-item wpml-ls-item-legacy-list-vertical\" role=\"none\">\n\t\t\t\t<a href=\"https:\/\/limutaxisl.com\/eu\/\" class=\"wpml-ls-link\" role=\"menuitem\" aria-label=\"Passer \u00e0 Euskara\" title=\"Passer \u00e0 Euskara\">\n\t\t\t\t\t            <img decoding=\"async\"\n            class=\"wpml-ls-flag\"\n            src=\"https:\/\/limutaxisl.com\/wp-content\/plugins\/sitepress-multilingual-cms\/res\/flags\/eu.png\"\n            alt=\"\"\n            \n            \n    \/><span class=\"wpml-ls-native\" lang=\"eu\">Euskara<\/span><\/a>\n\t\t\t<\/li>\n\t\t\n\t<\/ul>\n<\/div>\n<\/aside><aside id=\"text-2\" class=\"widget widget_text\">\t\t\t<div class=\"textwidget\"><center>Pol. Ind. Morea Sur Ampliaci\u00f3n Calle C, 1<center>\r\n<center>CP 31191 Beriain <center>\r\n<center>Navarra (Espa\u00f1a)<center>\r\n<br\/>\r\n<center>Tlfno \/ Phone number: <a href=\"tel:+34948310808\">(+34) 948 31 08 08<\/a><\/center>\r\n<center>Fax: (+34) 948 31 07 63<\/center>\r\n<center><a href=\"mailto:limutaxi@limutaxisl.com\">limutaxi@limutaxisl.com<\/a><\/center>\r\n<\/div>\n\t\t<\/aside>\t\t\t\t<\/div>\n\t\t\t\t<\/div>\n\t\t\t\t\t<\/div>\n\t\t<\/div>\n\t\t\t\t\t<\/div>\n\t\t<\/section>\n\t\t\t\t\t<\/div>\n\t\t<\/div>\n\t\t\t\t\t<\/div>\n\t\t<\/section>\n\t\t\t\t<\/div>\n\t\t","protected":false},"excerpt":{"rendered":"<p>LOCATION DE VEHICULES AVEC CHAUFFEUR Limutaxi S.L met tout en ouvre pour vous offrir le service de transport de personnes dont vous avez besoin (voitures, minibus et autocars ), avec toujours un service irr\u00e9prochable. On met \u00e0 votre disposition des v\u00e9hicules de grandes marques toutes options et au confort irr\u00e9prochable et des chauffeurs exp\u00e9riment\u00e9s, disponible, [&hellip;]<\/p>\n","protected":false},"author":1,"featured_media":0,"parent":0,"menu_order":0,"comment_status":"closed","ping_status":"closed","template":"elementor_header_footer","meta":{"site-sidebar-layout":"right-sidebar","site-content-layout":"page-builder","ast-site-content-layout":"default","site-content-style":"unboxed","site-sidebar-style":"unboxed","ast-global-header-display":"","ast-banner-title-visibility":"","ast-main-header-display":"","ast-hfb-above-header-display":"","ast-hfb-below-header-display":"","ast-hfb-mobile-header-display":"","site-post-title":"","ast-breadcrumbs-content":"","ast-featured-img":"","footer-sml-layout":"","theme-transparent-header-meta":"default","adv-header-id-meta":"","stick-header-meta":"","header-above-stick-meta":"","header-main-stick-meta":"","header-below-stick-meta":"","astra-migrate-meta-layouts":"default","ast-page-background-enabled":"default","ast-page-background-meta":{"desktop":{"background-color":"var(--ast-global-color-4)","background-image":"","background-repeat":"repeat","background-position":"center center","background-size":"auto","background-attachment":"scroll","background-type":"","background-media":"","overlay-type":"","overlay-color":"","overlay-opacity":"","overlay-gradient":""},"tablet":{"background-color":"","background-image":"","background-repeat":"repeat","background-position":"center center","background-size":"auto","background-attachment":"scroll","background-type":"","background-media":"","overlay-type":"","overlay-color":"","overlay-opacity":"","overlay-gradient":""},"mobile":{"background-color":"","background-image":"","background-repeat":"repeat","background-position":"center center","background-size":"auto","background-attachment":"scroll","background-type":"","background-media":"","overlay-type":"","overlay-color":"","overlay-opacity":"","overlay-gradient":""}},"ast-content-background-meta":{"desktop":{"background-color":"var(--ast-global-color-5)","background-image":"","background-repeat":"repeat","background-position":"center center","background-size":"auto","background-attachment":"scroll","background-type":"","background-media":"","overlay-type":"","overlay-color":"","overlay-opacity":"","overlay-gradient":""},"tablet":{"background-color":"var(--ast-global-color-5)","background-image":"","background-repeat":"repeat","background-position":"center center","background-size":"auto","background-attachment":"scroll","background-type":"","background-media":"","overlay-type":"","overlay-color":"","overlay-opacity":"","overlay-gradient":""},"mobile":{"background-color":"var(--ast-global-color-5)","background-image":"","background-repeat":"repeat","background-position":"center center","background-size":"auto","background-attachment":"scroll","background-type":"","background-media":"","overlay-type":"","overlay-color":"","overlay-opacity":"","overlay-gradient":""}},"footnotes":""},"class_list":["post-371","page","type-page","status-publish","hentry"],"yoast_head":"<!-- This site is optimized with the Yoast SEO plugin v26.4 - https:\/\/yoast.com\/wordpress\/plugins\/seo\/ -->\n<title>Limutaxi - Limutaxi<\/title>\n<meta name=\"robots\" content=\"index, follow, max-snippet:-1, max-image-preview:large, max-video-preview:-1\" \/>\n<link rel=\"canonical\" href=\"https:\/\/limutaxisl.com\/es\/\" \/>\n<meta property=\"og:locale\" content=\"fr_FR\" \/>\n<meta property=\"og:type\" content=\"article\" \/>\n<meta property=\"og:title\" content=\"Limutaxi - Limutaxi\" \/>\n<meta property=\"og:description\" content=\"LOCATION DE VEHICULES AVEC CHAUFFEUR Limutaxi S.L met tout en ouvre pour vous offrir le service de transport de personnes dont vous avez besoin (voitures, minibus et autocars ), avec toujours un service irr\u00e9prochable. On met \u00e0 votre disposition des v\u00e9hicules de grandes marques toutes options et au confort irr\u00e9prochable et des chauffeurs exp\u00e9riment\u00e9s, disponible, [&hellip;]\" \/>\n<meta property=\"og:url\" content=\"https:\/\/limutaxisl.com\/es\/\" \/>\n<meta property=\"og:site_name\" content=\"Limutaxi\" \/>\n<meta property=\"article:modified_time\" content=\"2019-03-13T20:41:36+00:00\" \/>\n<meta name=\"twitter:card\" content=\"summary_large_image\" \/>\n<script type=\"application\/ld+json\" class=\"yoast-schema-graph\">{\"@context\":\"https:\/\/schema.org\",\"@graph\":[{\"@type\":\"WebPage\",\"@id\":\"https:\/\/limutaxisl.com\/es\/\",\"url\":\"https:\/\/limutaxisl.com\/es\/\",\"name\":\"Limutaxi - Limutaxi\",\"isPartOf\":{\"@id\":\"https:\/\/limutaxisl.com\/es\/#website\"},\"datePublished\":\"2019-03-13T20:37:54+00:00\",\"dateModified\":\"2019-03-13T20:41:36+00:00\",\"breadcrumb\":{\"@id\":\"https:\/\/limutaxisl.com\/es\/#breadcrumb\"},\"inLanguage\":\"fr-FR\",\"potentialAction\":[{\"@type\":\"ReadAction\",\"target\":[\"https:\/\/limutaxisl.com\/es\/\"]}]},{\"@type\":\"BreadcrumbList\",\"@id\":\"https:\/\/limutaxisl.com\/es\/#breadcrumb\",\"itemListElement\":[{\"@type\":\"ListItem\",\"position\":1,\"name\":\"Portada\",\"item\":\"https:\/\/limutaxisl.com\/es\/\"},{\"@type\":\"ListItem\",\"position\":2,\"name\":\"Limutaxi\"}]},{\"@type\":\"WebSite\",\"@id\":\"https:\/\/limutaxisl.com\/es\/#website\",\"url\":\"https:\/\/limutaxisl.com\/es\/\",\"name\":\"Alquiler de autobuses y microbuses Pamplona y Navarra - Limutaxi\",\"description\":\"Ofrecemos alquiler de autobuses, microbuses y turismos con conductor, alcanzando todas sus necesidades de transporte\",\"potentialAction\":[{\"@type\":\"SearchAction\",\"target\":{\"@type\":\"EntryPoint\",\"urlTemplate\":\"https:\/\/limutaxisl.com\/es\/?s={search_term_string}\"},\"query-input\":{\"@type\":\"PropertyValueSpecification\",\"valueRequired\":true,\"valueName\":\"search_term_string\"}}],\"inLanguage\":\"fr-FR\"}]}<\/script>\n<!-- \/ Yoast SEO plugin. -->","yoast_head_json":{"title":"Limutaxi - Limutaxi","robots":{"index":"index","follow":"follow","max-snippet":"max-snippet:-1","max-image-preview":"max-image-preview:large","max-video-preview":"max-video-preview:-1"},"canonical":"https:\/\/limutaxisl.com\/es\/","og_locale":"fr_FR","og_type":"article","og_title":"Limutaxi - Limutaxi","og_description":"LOCATION DE VEHICULES AVEC CHAUFFEUR Limutaxi S.L met tout en ouvre pour vous offrir le service de transport de personnes dont vous avez besoin (voitures, minibus et autocars ), avec toujours un service irr\u00e9prochable. On met \u00e0 votre disposition des v\u00e9hicules de grandes marques toutes options et au confort irr\u00e9prochable et des chauffeurs exp\u00e9riment\u00e9s, disponible, [&hellip;]","og_url":"https:\/\/limutaxisl.com\/es\/","og_site_name":"Limutaxi","article_modified_time":"2019-03-13T20:41:36+00:00","twitter_card":"summary_large_image","schema":{"@context":"https:\/\/schema.org","@graph":[{"@type":"WebPage","@id":"https:\/\/limutaxisl.com\/es\/","url":"https:\/\/limutaxisl.com\/es\/","name":"Limutaxi - Limutaxi","isPartOf":{"@id":"https:\/\/limutaxisl.com\/es\/#website"},"datePublished":"2019-03-13T20:37:54+00:00","dateModified":"2019-03-13T20:41:36+00:00","breadcrumb":{"@id":"https:\/\/limutaxisl.com\/es\/#breadcrumb"},"inLanguage":"fr-FR","potentialAction":[{"@type":"ReadAction","target":["https:\/\/limutaxisl.com\/es\/"]}]},{"@type":"BreadcrumbList","@id":"https:\/\/limutaxisl.com\/es\/#breadcrumb","itemListElement":[{"@type":"ListItem","position":1,"name":"Portada","item":"https:\/\/limutaxisl.com\/es\/"},{"@type":"ListItem","position":2,"name":"Limutaxi"}]},{"@type":"WebSite","@id":"https:\/\/limutaxisl.com\/es\/#website","url":"https:\/\/limutaxisl.com\/es\/","name":"Alquiler de autobuses y microbuses Pamplona y Navarra - Limutaxi","description":"Ofrecemos alquiler de autobuses, microbuses y turismos con conductor, alcanzando todas sus necesidades de transporte","potentialAction":[{"@type":"SearchAction","target":{"@type":"EntryPoint","urlTemplate":"https:\/\/limutaxisl.com\/es\/?s={search_term_string}"},"query-input":{"@type":"PropertyValueSpecification","valueRequired":true,"valueName":"search_term_string"}}],"inLanguage":"fr-FR"}]}},"_links":{"self":[{"href":"https:\/\/limutaxisl.com\/fr\/wp-json\/wp\/v2\/pages\/371","targetHints":{"allow":["GET"]}}],"collection":[{"href":"https:\/\/limutaxisl.com\/fr\/wp-json\/wp\/v2\/pages"}],"about":[{"href":"https:\/\/limutaxisl.com\/fr\/wp-json\/wp\/v2\/types\/page"}],"author":[{"embeddable":true,"href":"https:\/\/limutaxisl.com\/fr\/wp-json\/wp\/v2\/users\/1"}],"replies":[{"embeddable":true,"href":"https:\/\/limutaxisl.com\/fr\/wp-json\/wp\/v2\/comments?post=371"}],"version-history":[{"count":2,"href":"https:\/\/limutaxisl.com\/fr\/wp-json\/wp\/v2\/pages\/371\/revisions"}],"predecessor-version":[{"id":477,"href":"https:\/\/limutaxisl.com\/fr\/wp-json\/wp\/v2\/pages\/371\/revisions\/477"}],"wp:attachment":[{"href":"https:\/\/limutaxisl.com\/fr\/wp-json\/wp\/v2\/media?parent=371"}],"curies":[{"name":"wp","href":"https:\/\/api.w.org\/{rel}","templated":true}]}}