{"id":348,"date":"2019-03-13T18:13:52","date_gmt":"2019-03-13T18:13:52","guid":{"rendered":"https:\/\/limutaxisl.com\/?page_id=348"},"modified":"2024-10-23T10:10:01","modified_gmt":"2024-10-23T10:10:01","slug":"empresa","status":"publish","type":"page","link":"https:\/\/limutaxisl.com\/es\/empresa\/","title":{"rendered":"Empresa"},"content":{"rendered":"\t\t<div data-elementor-type=\"wp-post\" data-elementor-id=\"348\" class=\"elementor elementor-348 elementor-bc-flex-widget\" data-elementor-post-type=\"page\">\n\t\t\t\t\t\t<section class=\"elementor-section elementor-top-section elementor-element elementor-element-cd5dfe4 elementor-section-height-min-height elementor-section-boxed elementor-section-height-default elementor-section-items-middle\" data-id=\"cd5dfe4\" data-element_type=\"section\" data-settings=\"{&quot;background_background&quot;:&quot;classic&quot;}\">\n\t\t\t\t\t\t<div class=\"elementor-container elementor-column-gap-default\">\n\t\t\t\t\t<div class=\"elementor-column elementor-col-100 elementor-top-column elementor-element elementor-element-238ec40\" data-id=\"238ec40\" data-element_type=\"column\" data-settings=\"{&quot;background_background&quot;:&quot;classic&quot;}\">\n\t\t\t<div class=\"elementor-widget-wrap elementor-element-populated\">\n\t\t\t\t\t\t<section class=\"elementor-section elementor-inner-section elementor-element elementor-element-332f0fb elementor-section-content-top elementor-section-boxed elementor-section-height-default elementor-section-height-default\" data-id=\"332f0fb\" data-element_type=\"section\">\n\t\t\t\t\t\t<div class=\"elementor-container elementor-column-gap-default\">\n\t\t\t\t\t<div class=\"elementor-column elementor-col-50 elementor-inner-column elementor-element elementor-element-ee7f8cc\" data-id=\"ee7f8cc\" data-element_type=\"column\" data-settings=\"{&quot;background_background&quot;:&quot;classic&quot;}\">\n\t\t\t<div class=\"elementor-widget-wrap elementor-element-populated\">\n\t\t\t\t\t\t<div class=\"elementor-element elementor-element-3a7519fb elementor-widget elementor-widget-text-editor\" data-id=\"3a7519fb\" data-element_type=\"widget\" data-widget_type=\"text-editor.default\">\n\t\t\t\t<div class=\"elementor-widget-container\">\n\t\t\t\t\t\t\t\t\t<h3>Empresa<\/h3><ul><li>Limutaxi S.L. Navarra de alquiler de turismos, autobuses y microbuses con conductor le ofrece sus servicios de empresa que alcanzan todas sus necesidades de transporte.<\/li><li>Nuestros servicios le permitir\u00e1n asistir a cualquier acto social con un toque de distinci\u00f3n.<\/li><li>Tambi\u00e9n le ofrecemos nuestros servicios para cualquier demanda de su empresa, as\u00ed como para traslados y recogidas a aeropuertos, rutas tur\u00edsticas por Navarra o como veh\u00edculos de apoyo en el Camino de Santiago.<\/li><li>Disponemos de veh\u00edculos nuevos y perfectamente acondicionados para sus necesidades. Podr\u00e1 elegir entre una amplia gama de turismos, autobuses y microbuses de 4 a 55 plazas.<\/li><li>Si usted s\u00f3lo desea servicio de conductor, nosotros le proporcionamos un profesional que conduzca su veh\u00edculo.<\/li><\/ul>\t\t\t\t\t\t\t\t<\/div>\n\t\t\t\t<\/div>\n\t\t\t\t\t<\/div>\n\t\t<\/div>\n\t\t\t\t<div class=\"elementor-column elementor-col-50 elementor-inner-column elementor-element elementor-element-5b4ba90\" data-id=\"5b4ba90\" data-element_type=\"column\" data-settings=\"{&quot;background_background&quot;:&quot;classic&quot;}\">\n\t\t\t<div class=\"elementor-widget-wrap elementor-element-populated\">\n\t\t\t\t\t\t<div class=\"elementor-element elementor-element-4e795b6 elementor-widget elementor-widget-sidebar\" data-id=\"4e795b6\" data-element_type=\"widget\" data-widget_type=\"sidebar.default\">\n\t\t\t\t<div class=\"elementor-widget-container\">\n\t\t\t\t\t<aside id=\"icl_lang_sel_widget-2\" class=\"widget widget_icl_lang_sel_widget\">\n<div class=\"wpml-ls-sidebars-sidebar-1 wpml-ls wpml-ls-legacy-list-vertical\">\n\t<ul role=\"menu\">\n\n\t\t\t\t\t<li class=\"wpml-ls-slot-sidebar-1 wpml-ls-item wpml-ls-item-es wpml-ls-current-language wpml-ls-first-item wpml-ls-item-legacy-list-vertical\" role=\"none\">\n\t\t\t\t<a href=\"https:\/\/limutaxisl.com\/es\/\" class=\"wpml-ls-link\" role=\"menuitem\" >\n\t\t\t\t\t            <img decoding=\"async\"\n            class=\"wpml-ls-flag\"\n            src=\"https:\/\/limutaxisl.com\/wp-content\/plugins\/sitepress-multilingual-cms\/res\/flags\/es.png\"\n            alt=\"\"\n            \n            \n    \/><span class=\"wpml-ls-native\" role=\"menuitem\">Espa\u00f1ol<\/span><\/a>\n\t\t\t<\/li>\n\t\t\t\t\t<li class=\"wpml-ls-slot-sidebar-1 wpml-ls-item wpml-ls-item-en wpml-ls-item-legacy-list-vertical\" role=\"none\">\n\t\t\t\t<a href=\"https:\/\/limutaxisl.com\/en\/\" class=\"wpml-ls-link\" role=\"menuitem\" aria-label=\"Cambiar a English\" title=\"Cambiar a English\">\n\t\t\t\t\t            <img decoding=\"async\"\n            class=\"wpml-ls-flag\"\n            src=\"https:\/\/limutaxisl.com\/wp-content\/plugins\/sitepress-multilingual-cms\/res\/flags\/en.png\"\n            alt=\"\"\n            \n            \n    \/><span class=\"wpml-ls-native\" lang=\"en\">English<\/span><\/a>\n\t\t\t<\/li>\n\t\t\t\t\t<li class=\"wpml-ls-slot-sidebar-1 wpml-ls-item wpml-ls-item-fr wpml-ls-item-legacy-list-vertical\" role=\"none\">\n\t\t\t\t<a href=\"https:\/\/limutaxisl.com\/fr\/\" class=\"wpml-ls-link\" role=\"menuitem\" aria-label=\"Cambiar a Fran\u00e7ais\" title=\"Cambiar a Fran\u00e7ais\">\n\t\t\t\t\t            <img decoding=\"async\"\n            class=\"wpml-ls-flag\"\n            src=\"https:\/\/limutaxisl.com\/wp-content\/plugins\/sitepress-multilingual-cms\/res\/flags\/fr.png\"\n            alt=\"\"\n            \n            \n    \/><span class=\"wpml-ls-native\" lang=\"fr\">Fran\u00e7ais<\/span><\/a>\n\t\t\t<\/li>\n\t\t\t\t\t<li class=\"wpml-ls-slot-sidebar-1 wpml-ls-item wpml-ls-item-eu wpml-ls-last-item wpml-ls-item-legacy-list-vertical\" role=\"none\">\n\t\t\t\t<a href=\"https:\/\/limutaxisl.com\/eu\/\" class=\"wpml-ls-link\" role=\"menuitem\" aria-label=\"Cambiar a Euskara\" title=\"Cambiar a Euskara\">\n\t\t\t\t\t            <img decoding=\"async\"\n            class=\"wpml-ls-flag\"\n            src=\"https:\/\/limutaxisl.com\/wp-content\/plugins\/sitepress-multilingual-cms\/res\/flags\/eu.png\"\n            alt=\"\"\n            \n            \n    \/><span class=\"wpml-ls-native\" lang=\"eu\">Euskara<\/span><\/a>\n\t\t\t<\/li>\n\t\t\n\t<\/ul>\n<\/div>\n<\/aside><aside id=\"text-2\" class=\"widget widget_text\">\t\t\t<div class=\"textwidget\"><center>Pol. Ind. Morea Sur Ampliaci\u00f3n Calle C, 1<center>\r\n<center>CP 31191 Beriain <center>\r\n<center>Navarra (Espa\u00f1a)<center>\r\n<br\/>\r\n<center>Tlfno \/ Phone number: <a href=\"tel:+34948310808\">(+34) 948 31 08 08<\/a><\/center>\r\n<center>Fax: (+34) 948 31 07 63<\/center>\r\n<center><a href=\"mailto:limutaxi@limutaxisl.com\">limutaxi@limutaxisl.com<\/a><\/center>\r\n<\/div>\n\t\t<\/aside>\t\t\t\t<\/div>\n\t\t\t\t<\/div>\n\t\t\t\t\t<\/div>\n\t\t<\/div>\n\t\t\t\t\t<\/div>\n\t\t<\/section>\n\t\t\t\t\t<\/div>\n\t\t<\/div>\n\t\t\t\t\t<\/div>\n\t\t<\/section>\n\t\t\t\t<\/div>\n\t\t","protected":false},"excerpt":{"rendered":"<p>Empresa Limutaxi S.L. Navarra de alquiler de turismos, autobuses y microbuses con conductor le ofrece sus servicios de empresa que alcanzan todas sus necesidades de transporte. Nuestros servicios le permitir\u00e1n asistir a cualquier acto social con un toque de distinci\u00f3n. Tambi\u00e9n le ofrecemos nuestros servicios para cualquier demanda de su empresa, as\u00ed como para traslados [&hellip;]<\/p>\n","protected":false},"author":3,"featured_media":0,"parent":0,"menu_order":0,"comment_status":"closed","ping_status":"closed","template":"elementor_header_footer","meta":{"site-sidebar-layout":"right-sidebar","site-content-layout":"page-builder","ast-site-content-layout":"default","site-content-style":"default","site-sidebar-style":"default","ast-global-header-display":"","ast-banner-title-visibility":"","ast-main-header-display":"","ast-hfb-above-header-display":"","ast-hfb-below-header-display":"","ast-hfb-mobile-header-display":"","site-post-title":"","ast-breadcrumbs-content":"","ast-featured-img":"","footer-sml-layout":"","theme-transparent-header-meta":"default","adv-header-id-meta":"","stick-header-meta":"","header-above-stick-meta":"","header-main-stick-meta":"","header-below-stick-meta":"","astra-migrate-meta-layouts":"default","ast-page-background-enabled":"default","ast-page-background-meta":{"desktop":{"background-color":"var(--ast-global-color-4)","background-image":"","background-repeat":"repeat","background-position":"center center","background-size":"auto","background-attachment":"scroll","background-type":"","background-media":"","overlay-type":"","overlay-color":"","overlay-opacity":"","overlay-gradient":""},"tablet":{"background-color":"","background-image":"","background-repeat":"repeat","background-position":"center center","background-size":"auto","background-attachment":"scroll","background-type":"","background-media":"","overlay-type":"","overlay-color":"","overlay-opacity":"","overlay-gradient":""},"mobile":{"background-color":"","background-image":"","background-repeat":"repeat","background-position":"center center","background-size":"auto","background-attachment":"scroll","background-type":"","background-media":"","overlay-type":"","overlay-color":"","overlay-opacity":"","overlay-gradient":""}},"ast-content-background-meta":{"desktop":{"background-color":"var(--ast-global-color-5)","background-image":"","background-repeat":"repeat","background-position":"center center","background-size":"auto","background-attachment":"scroll","background-type":"","background-media":"","overlay-type":"","overlay-color":"","overlay-opacity":"","overlay-gradient":""},"tablet":{"background-color":"var(--ast-global-color-5)","background-image":"","background-repeat":"repeat","background-position":"center center","background-size":"auto","background-attachment":"scroll","background-type":"","background-media":"","overlay-type":"","overlay-color":"","overlay-opacity":"","overlay-gradient":""},"mobile":{"background-color":"var(--ast-global-color-5)","background-image":"","background-repeat":"repeat","background-position":"center center","background-size":"auto","background-attachment":"scroll","background-type":"","background-media":"","overlay-type":"","overlay-color":"","overlay-opacity":"","overlay-gradient":""}},"footnotes":""},"class_list":["post-348","page","type-page","status-publish","hentry"],"yoast_head":"<!-- This site is optimized with the Yoast SEO plugin v26.4 - https:\/\/yoast.com\/wordpress\/plugins\/seo\/ -->\n<title>Empresa - Limutaxi<\/title>\n<meta name=\"robots\" content=\"index, follow, max-snippet:-1, max-image-preview:large, max-video-preview:-1\" \/>\n<link rel=\"canonical\" href=\"https:\/\/limutaxisl.com\/es\/empresa\/\" \/>\n<meta property=\"og:locale\" content=\"es_ES\" \/>\n<meta property=\"og:type\" content=\"article\" \/>\n<meta property=\"og:title\" content=\"Empresa - Limutaxi\" \/>\n<meta property=\"og:description\" content=\"Empresa Limutaxi S.L. Navarra de alquiler de turismos, autobuses y microbuses con conductor le ofrece sus servicios de empresa que alcanzan todas sus necesidades de transporte. Nuestros servicios le permitir\u00e1n asistir a cualquier acto social con un toque de distinci\u00f3n. Tambi\u00e9n le ofrecemos nuestros servicios para cualquier demanda de su empresa, as\u00ed como para traslados [&hellip;]\" \/>\n<meta property=\"og:url\" content=\"https:\/\/limutaxisl.com\/es\/empresa\/\" \/>\n<meta property=\"og:site_name\" content=\"Limutaxi\" \/>\n<meta property=\"article:modified_time\" content=\"2024-10-23T10:10:01+00:00\" \/>\n<meta name=\"twitter:card\" content=\"summary_large_image\" \/>\n<meta name=\"twitter:label1\" content=\"Tiempo de lectura\" \/>\n\t<meta name=\"twitter:data1\" content=\"1 minuto\" \/>\n<script type=\"application\/ld+json\" class=\"yoast-schema-graph\">{\"@context\":\"https:\/\/schema.org\",\"@graph\":[{\"@type\":\"WebPage\",\"@id\":\"https:\/\/limutaxisl.com\/es\/empresa\/\",\"url\":\"https:\/\/limutaxisl.com\/es\/empresa\/\",\"name\":\"Empresa - Limutaxi\",\"isPartOf\":{\"@id\":\"https:\/\/limutaxisl.com\/es\/#website\"},\"datePublished\":\"2019-03-13T18:13:52+00:00\",\"dateModified\":\"2024-10-23T10:10:01+00:00\",\"breadcrumb\":{\"@id\":\"https:\/\/limutaxisl.com\/es\/empresa\/#breadcrumb\"},\"inLanguage\":\"es\",\"potentialAction\":[{\"@type\":\"ReadAction\",\"target\":[\"https:\/\/limutaxisl.com\/es\/empresa\/\"]}]},{\"@type\":\"BreadcrumbList\",\"@id\":\"https:\/\/limutaxisl.com\/es\/empresa\/#breadcrumb\",\"itemListElement\":[{\"@type\":\"ListItem\",\"position\":1,\"name\":\"Portada\",\"item\":\"https:\/\/limutaxisl.com\/es\/\"},{\"@type\":\"ListItem\",\"position\":2,\"name\":\"Empresa\"}]},{\"@type\":\"WebSite\",\"@id\":\"https:\/\/limutaxisl.com\/es\/#website\",\"url\":\"https:\/\/limutaxisl.com\/es\/\",\"name\":\"Alquiler de autobuses y microbuses Pamplona y Navarra - Limutaxi\",\"description\":\"Ofrecemos alquiler de autobuses, microbuses y turismos con conductor, alcanzando todas sus necesidades de transporte\",\"potentialAction\":[{\"@type\":\"SearchAction\",\"target\":{\"@type\":\"EntryPoint\",\"urlTemplate\":\"https:\/\/limutaxisl.com\/es\/?s={search_term_string}\"},\"query-input\":{\"@type\":\"PropertyValueSpecification\",\"valueRequired\":true,\"valueName\":\"search_term_string\"}}],\"inLanguage\":\"es\"}]}<\/script>\n<!-- \/ Yoast SEO plugin. -->","yoast_head_json":{"title":"Empresa - Limutaxi","robots":{"index":"index","follow":"follow","max-snippet":"max-snippet:-1","max-image-preview":"max-image-preview:large","max-video-preview":"max-video-preview:-1"},"canonical":"https:\/\/limutaxisl.com\/es\/empresa\/","og_locale":"es_ES","og_type":"article","og_title":"Empresa - Limutaxi","og_description":"Empresa Limutaxi S.L. Navarra de alquiler de turismos, autobuses y microbuses con conductor le ofrece sus servicios de empresa que alcanzan todas sus necesidades de transporte. Nuestros servicios le permitir\u00e1n asistir a cualquier acto social con un toque de distinci\u00f3n. Tambi\u00e9n le ofrecemos nuestros servicios para cualquier demanda de su empresa, as\u00ed como para traslados [&hellip;]","og_url":"https:\/\/limutaxisl.com\/es\/empresa\/","og_site_name":"Limutaxi","article_modified_time":"2024-10-23T10:10:01+00:00","twitter_card":"summary_large_image","twitter_misc":{"Tiempo de lectura":"1 minuto"},"schema":{"@context":"https:\/\/schema.org","@graph":[{"@type":"WebPage","@id":"https:\/\/limutaxisl.com\/es\/empresa\/","url":"https:\/\/limutaxisl.com\/es\/empresa\/","name":"Empresa - Limutaxi","isPartOf":{"@id":"https:\/\/limutaxisl.com\/es\/#website"},"datePublished":"2019-03-13T18:13:52+00:00","dateModified":"2024-10-23T10:10:01+00:00","breadcrumb":{"@id":"https:\/\/limutaxisl.com\/es\/empresa\/#breadcrumb"},"inLanguage":"es","potentialAction":[{"@type":"ReadAction","target":["https:\/\/limutaxisl.com\/es\/empresa\/"]}]},{"@type":"BreadcrumbList","@id":"https:\/\/limutaxisl.com\/es\/empresa\/#breadcrumb","itemListElement":[{"@type":"ListItem","position":1,"name":"Portada","item":"https:\/\/limutaxisl.com\/es\/"},{"@type":"ListItem","position":2,"name":"Empresa"}]},{"@type":"WebSite","@id":"https:\/\/limutaxisl.com\/es\/#website","url":"https:\/\/limutaxisl.com\/es\/","name":"Alquiler de autobuses y microbuses Pamplona y Navarra - Limutaxi","description":"Ofrecemos alquiler de autobuses, microbuses y turismos con conductor, alcanzando todas sus necesidades de transporte","potentialAction":[{"@type":"SearchAction","target":{"@type":"EntryPoint","urlTemplate":"https:\/\/limutaxisl.com\/es\/?s={search_term_string}"},"query-input":{"@type":"PropertyValueSpecification","valueRequired":true,"valueName":"search_term_string"}}],"inLanguage":"es"}]}},"_links":{"self":[{"href":"https:\/\/limutaxisl.com\/es\/wp-json\/wp\/v2\/pages\/348","targetHints":{"allow":["GET"]}}],"collection":[{"href":"https:\/\/limutaxisl.com\/es\/wp-json\/wp\/v2\/pages"}],"about":[{"href":"https:\/\/limutaxisl.com\/es\/wp-json\/wp\/v2\/types\/page"}],"author":[{"embeddable":true,"href":"https:\/\/limutaxisl.com\/es\/wp-json\/wp\/v2\/users\/3"}],"replies":[{"embeddable":true,"href":"https:\/\/limutaxisl.com\/es\/wp-json\/wp\/v2\/comments?post=348"}],"version-history":[{"count":14,"href":"https:\/\/limutaxisl.com\/es\/wp-json\/wp\/v2\/pages\/348\/revisions"}],"predecessor-version":[{"id":704,"href":"https:\/\/limutaxisl.com\/es\/wp-json\/wp\/v2\/pages\/348\/revisions\/704"}],"wp:attachment":[{"href":"https:\/\/limutaxisl.com\/es\/wp-json\/wp\/v2\/media?parent=348"}],"curies":[{"name":"wp","href":"https:\/\/api.w.org\/{rel}","templated":true}]}}